{"id":23,"date":"2021-04-02T19:11:44","date_gmt":"2021-04-02T19:11:44","guid":{"rendered":"https:\/\/ekofutura.com.pl\/?page_id=23"},"modified":"2024-08-27T11:52:58","modified_gmt":"2024-08-27T11:52:58","slug":"informacje-o-nas","status":"publish","type":"page","link":"https:\/\/ekofutura.com.pl\/index.php\/informacje-o-nas\/","title":{"rendered":"Informacje o Eko-Futura"},"content":{"rendered":"\n<p><strong>Siedziba firmy:<\/strong><br>Eko-Futura Sp. z o.o.<br>ul. Piotrkowska 60<br>90-105 \u0141\u00f3d\u017a<br>POLSKA<\/p>\n\n\n\n<p><strong>Dane Rejestrowe:<\/strong><br><strong>NIP<\/strong>: PL 566-17-86-968<br><strong>REGON<\/strong>: 130852018<br><strong>Numer KRS<\/strong>: 0000065050<br>S\u0105d Rejonowy dla \u0141odzi-\u015ar\u00f3dmie\u015bcia w \u0141odzi XX Wydzia\u0142 KRS<\/p>\n\n\n\n<p><strong>Kapita\u0142 zak\u0142adowy<\/strong>: 51000 PLN<\/p>\n\n\n\n<p><strong>Certyfikat Systemu Zarz\u0105dzania<\/strong>: <a href=\"https:\/\/ekofutura.com.pl\/wp-content\/uploads\/2024\/08\/Skan_20240827.png\" target=\"_blank\" rel=\"noreferrer noopener\">PN \u2013 EN ISO 9001:2015-10<\/a><\/p>\n","protected":false},"excerpt":{"rendered":"<p>Siedziba firmy:Eko-Futura Sp. z o.o.ul. Piotrkowska 6090-105 \u0141\u00f3d\u017aPOLSKA Dane Rejestrowe:NIP: PL 566-17-86-968REGON: 130852018Numer KRS: 0000065050S\u0105d Rejonowy dla \u0141odzi-\u015ar\u00f3dmie\u015bcia w \u0141odzi XX Wydzia\u0142 KRS Kapita\u0142 zak\u0142adowy: 51000 PLN Certyfikat Systemu Zarz\u0105dzania: PN \u2013 EN ISO 9001:2015-10<\/p>\n","protected":false},"author":1,"featured_media":0,"parent":0,"menu_order":0,"comment_status":"closed","ping_status":"closed","template":"","meta":{"footnotes":""},"class_list":["post-23","page","type-page","status-publish","hentry"],"_links":{"self":[{"href":"https:\/\/ekofutura.com.pl\/index.php\/wp-json\/wp\/v2\/pages\/23","targetHints":{"allow":["GET"]}}],"collection":[{"href":"https:\/\/ekofutura.com.pl\/index.php\/wp-json\/wp\/v2\/pages"}],"about":[{"href":"https:\/\/ekofutura.com.pl\/index.php\/wp-json\/wp\/v2\/types\/page"}],"author":[{"embeddable":true,"href":"https:\/\/ekofutura.com.pl\/index.php\/wp-json\/wp\/v2\/users\/1"}],"replies":[{"embeddable":true,"href":"https:\/\/ekofutura.com.pl\/index.php\/wp-json\/wp\/v2\/comments?post=23"}],"version-history":[{"count":14,"href":"https:\/\/ekofutura.com.pl\/index.php\/wp-json\/wp\/v2\/pages\/23\/revisions"}],"predecessor-version":[{"id":169,"href":"https:\/\/ekofutura.com.pl\/index.php\/wp-json\/wp\/v2\/pages\/23\/revisions\/169"}],"wp:attachment":[{"href":"https:\/\/ekofutura.com.pl\/index.php\/wp-json\/wp\/v2\/media?parent=23"}],"curies":[{"name":"wp","href":"https:\/\/api.w.org\/{rel}","templated":true}]}}