{"id":24,"date":"2021-04-02T19:11:44","date_gmt":"2021-04-02T19:11:44","guid":{"rendered":"https:\/\/ekofutura.com.pl\/?page_id=24"},"modified":"2021-04-26T19:34:15","modified_gmt":"2021-04-26T19:34:15","slug":"instytut-oceny-ryzyka","status":"publish","type":"page","link":"https:\/\/ekofutura.com.pl\/index.php\/instytut-oceny-ryzyka\/","title":{"rendered":"INSTYTUT OCENY RYZYKA"},"content":{"rendered":"\n<p>W ramach Instytutu Oceny Ryzyka&nbsp;<strong>Eko-Futura Sp. z o.o. prowadzi ocen\u0119&nbsp; lub komentowanie dokumentacji \u015brodk\u00f3w ochrony ro\u015blin oraz ich substancji aktywnych<\/strong>.<\/p>\n\n\n\n<p>Na podstawie Decyzji Ministra Rolnictwa i Rozwoju Wsi\u00a0 numer\u00a0<strong>R 266\/2011d<\/strong>\u00a0z dnia 05.10.2011r. <strong>Eko-Futura Sp. z o.o.<\/strong>\u00a0zosta\u0142a upowa\u017cniona do opracowywania ocen i raport\u00f3w\u00a0rejestracyjnych w procesie udzielania zezwole\u0144 na stosowanie \u015brodk\u00f3w ochrony ro\u015blin lub ich substancji aktywnych w pe\u0142nym zakresie oceny obejmuj\u0105cym sekcje:<\/p>\n\n\n\n<ol class=\"wp-block-list\" type=\"1\"><li>w\u0142a\u015bciwo\u015bci\u00a0<strong>fizycznych, chemicznych\u00a0<\/strong>i technicznych \u015brodka ochrony ro\u015blin, w tym jego substancji czynnych,<\/li><li>oddzia\u0142ywania \u015brodka ochrony ro\u015blin na zdrowie cz\u0142owieka i zwierz\u0105t wynikaj\u0105cego<br>ze stosowania \u015brodka ochrony ro\u015blin (<strong>toksykologii<\/strong>),<\/li><li>oddzia\u0142ywania \u015brodka ochrony ro\u015blin na zdrowie cz\u0142owieka i zwierz\u0105t wynikaj\u0105cego z<strong>\u00a0pozosta\u0142o\u015bci<\/strong>\u00a0substancji czynnych\/\u015brodka ochrony ro\u015blin w \u017cywno\u015bci i paszy pochodzenia ro\u015blinnego i zwierz\u0119cego oraz na ich powierzchni,<\/li><li><strong>losu i zachowania<\/strong>\u00a0substancji aktywnej\/\u015brodka ochrony ro\u015blin w \u015brodowisku,<\/li><li>oddzia\u0142ywania substancji aktywnej\/ \u015brodka ochrony ro\u015blin na organizmy nieb\u0119d\u0105ce celem jego zastosowania (<strong>ekotoksykologii<\/strong>),<\/li><li><strong>skuteczno\u015bci<\/strong>\u00a0dzia\u0142ania \u015brodka ochrony ro\u015blin, z uwzgl\u0119dnieniem niekorzystnego dzia\u0142ania na ro\u015bliny lub produkty ro\u015blinne,<\/li><li>oddzia\u0142ywania \u015brodka ochrony ro\u015blin na zwalczane kr\u0119gowce, w przypadku gdy \u015brodek ochrony ro\u015blin jest przeznaczony do zwalczania tych zwierz\u0105t.<\/li><\/ol>\n\n\n\n<p>Wszyscy nasi&nbsp;<strong>Eksperci<\/strong>, kt\u00f3rzy prowadz\u0105 ocen\u0119 dokumentacji lub przygotowuj\u0105 komentarze&nbsp;spe\u0142niaj\u0105 wszystkie wymagania formalne oraz merytoryczne oraz&nbsp;zostali zaakceptowani przez Ministerstwo Rolnictwa i Rozwoju Wsi.<\/p>\n","protected":false},"excerpt":{"rendered":"<p>W ramach Instytutu Oceny Ryzyka&nbsp;Eko-Futura Sp. z o.o. prowadzi ocen\u0119&nbsp; lub komentowanie dokumentacji \u015brodk\u00f3w ochrony ro\u015blin oraz ich substancji aktywnych. Na podstawie Decyzji Ministra Rolnictwa i Rozwoju Wsi\u00a0 numer\u00a0R 266\/2011d\u00a0z dnia 05.10.2011r. Eko-Futura Sp. z o.o.\u00a0zosta\u0142a upowa\u017cniona do opracowywania ocen i raport\u00f3w\u00a0rejestracyjnych w procesie udzielania zezwole\u0144 na stosowanie \u015brodk\u00f3w ochrony ro\u015blin lub ich substancji aktywnych [&hellip;]<\/p>\n","protected":false},"author":1,"featured_media":0,"parent":0,"menu_order":0,"comment_status":"closed","ping_status":"closed","template":"","meta":{"footnotes":""},"class_list":["post-24","page","type-page","status-publish","hentry"],"_links":{"self":[{"href":"https:\/\/ekofutura.com.pl\/index.php\/wp-json\/wp\/v2\/pages\/24","targetHints":{"allow":["GET"]}}],"collection":[{"href":"https:\/\/ekofutura.com.pl\/index.php\/wp-json\/wp\/v2\/pages"}],"about":[{"href":"https:\/\/ekofutura.com.pl\/index.php\/wp-json\/wp\/v2\/types\/page"}],"author":[{"embeddable":true,"href":"https:\/\/ekofutura.com.pl\/index.php\/wp-json\/wp\/v2\/users\/1"}],"replies":[{"embeddable":true,"href":"https:\/\/ekofutura.com.pl\/index.php\/wp-json\/wp\/v2\/comments?post=24"}],"version-history":[{"count":5,"href":"https:\/\/ekofutura.com.pl\/index.php\/wp-json\/wp\/v2\/pages\/24\/revisions"}],"predecessor-version":[{"id":135,"href":"https:\/\/ekofutura.com.pl\/index.php\/wp-json\/wp\/v2\/pages\/24\/revisions\/135"}],"wp:attachment":[{"href":"https:\/\/ekofutura.com.pl\/index.php\/wp-json\/wp\/v2\/media?parent=24"}],"curies":[{"name":"wp","href":"https:\/\/api.w.org\/{rel}","templated":true}]}}