{"id":27,"date":"2021-04-02T19:11:44","date_gmt":"2021-04-02T19:11:44","guid":{"rendered":"https:\/\/ekofutura.com.pl\/?page_id=27"},"modified":"2021-04-09T19:22:54","modified_gmt":"2021-04-09T19:22:54","slug":"kontakt","status":"publish","type":"page","link":"https:\/\/ekofutura.com.pl\/index.php\/kontakt\/","title":{"rendered":"Kontakt"},"content":{"rendered":"\n<p>ul. Piotrkowska 60<br>90-105 \u0141\u00f3d\u017a<br><br>telefon: +48 604 48 33 37<br>telefon: +48 42 630 96 35<br>e-mail: <a href=\"mailto:ekofutura@ekofutura.com.pl\">ekofutura@ekofutura.com.pl<\/a><br><a href=\"http:\/\/www.ekofutura.com.pl\" data-type=\"URL\" data-id=\"www.ekofutura.com.pl\">www.ekofutura.com.pl<\/a><\/p>\n\n\n\n<p>NIP 566-17-86-968<br>REGON 130852018<br><br>nr konta: 59 8230 0007 3000 4155 2000 0001<br>S\u0105d Rejonowy dla \u0141odzi-\u015ar\u00f3dmie\u015bcia w \u0141odzi XX Wydzia\u0142 KRS<br>Kapita\u0142 zak\u0142adowy: 51000 z\u0142<\/p>\n","protected":false},"excerpt":{"rendered":"<p>ul. Piotrkowska 6090-105 \u0141\u00f3d\u017a telefon: +48 604 48 33 37telefon: +48 42 630 96 35e-mail: ekofutura@ekofutura.com.plwww.ekofutura.com.pl NIP 566-17-86-968REGON 130852018 nr konta: 59 8230 0007 3000 4155 2000 0001S\u0105d Rejonowy dla \u0141odzi-\u015ar\u00f3dmie\u015bcia w \u0141odzi XX Wydzia\u0142 KRSKapita\u0142 zak\u0142adowy: 51000 z\u0142<\/p>\n","protected":false},"author":1,"featured_media":0,"parent":0,"menu_order":0,"comment_status":"closed","ping_status":"closed","template":"","meta":{"footnotes":""},"class_list":["post-27","page","type-page","status-publish","hentry"],"_links":{"self":[{"href":"https:\/\/ekofutura.com.pl\/index.php\/wp-json\/wp\/v2\/pages\/27","targetHints":{"allow":["GET"]}}],"collection":[{"href":"https:\/\/ekofutura.com.pl\/index.php\/wp-json\/wp\/v2\/pages"}],"about":[{"href":"https:\/\/ekofutura.com.pl\/index.php\/wp-json\/wp\/v2\/types\/page"}],"author":[{"embeddable":true,"href":"https:\/\/ekofutura.com.pl\/index.php\/wp-json\/wp\/v2\/users\/1"}],"replies":[{"embeddable":true,"href":"https:\/\/ekofutura.com.pl\/index.php\/wp-json\/wp\/v2\/comments?post=27"}],"version-history":[{"count":4,"href":"https:\/\/ekofutura.com.pl\/index.php\/wp-json\/wp\/v2\/pages\/27\/revisions"}],"predecessor-version":[{"id":77,"href":"https:\/\/ekofutura.com.pl\/index.php\/wp-json\/wp\/v2\/pages\/27\/revisions\/77"}],"wp:attachment":[{"href":"https:\/\/ekofutura.com.pl\/index.php\/wp-json\/wp\/v2\/media?parent=27"}],"curies":[{"name":"wp","href":"https:\/\/api.w.org\/{rel}","templated":true}]}}