{"id":89,"date":"2021-04-09T20:48:51","date_gmt":"2021-04-09T20:48:51","guid":{"rendered":"https:\/\/ekofutura.com.pl\/?page_id=89"},"modified":"2021-04-19T18:49:50","modified_gmt":"2021-04-19T18:49:50","slug":"contact","status":"publish","type":"page","link":"https:\/\/ekofutura.com.pl\/index.php\/en\/contact\/","title":{"rendered":"Contact"},"content":{"rendered":"\n<p>Piotrkowska Street 60<br>90-105 \u0141\u00f3d\u017a<br><br>phone: +48 604 48 33 37<br>phone: +48 42 630 96 35<br>e-mail: <a href=\"mailto:ekofutura@ekofutura.com.pl\">ekofutura@ekofutura.com.pl<\/a><br><a href=\"http:\/\/www.ekofutura.com.pl\" data-type=\"URL\" data-id=\"www.ekofutura.com.pl\">www.ekofutura.com.pl<\/a><\/p>\n\n\n\n<p>NIP 566-17-86-968<br>REGON 130852018<br><br>Account number: 59 8230 0007 3000 4155 2000 0001<br>S\u0105d Rejonowy dla \u0141odzi-\u015ar\u00f3dmie\u015bcia w \u0141odzi XX Wydzia\u0142 KRS<br>Share capital: 51000 PLN<\/p>\n","protected":false},"excerpt":{"rendered":"<p>Piotrkowska Street 6090-105 \u0141\u00f3d\u017a phone: +48 604 48 33 37phone: +48 42 630 96 35e-mail: ekofutura@ekofutura.com.plwww.ekofutura.com.pl NIP 566-17-86-968REGON 130852018 Account number: 59 8230 0007 3000 4155 2000 0001S\u0105d Rejonowy dla \u0141odzi-\u015ar\u00f3dmie\u015bcia w \u0141odzi XX Wydzia\u0142 KRSShare capital: 51000 PLN<\/p>\n","protected":false},"author":2,"featured_media":0,"parent":0,"menu_order":0,"comment_status":"closed","ping_status":"closed","template":"","meta":{"footnotes":""},"class_list":["post-89","page","type-page","status-publish","hentry"],"_links":{"self":[{"href":"https:\/\/ekofutura.com.pl\/index.php\/wp-json\/wp\/v2\/pages\/89","targetHints":{"allow":["GET"]}}],"collection":[{"href":"https:\/\/ekofutura.com.pl\/index.php\/wp-json\/wp\/v2\/pages"}],"about":[{"href":"https:\/\/ekofutura.com.pl\/index.php\/wp-json\/wp\/v2\/types\/page"}],"author":[{"embeddable":true,"href":"https:\/\/ekofutura.com.pl\/index.php\/wp-json\/wp\/v2\/users\/2"}],"replies":[{"embeddable":true,"href":"https:\/\/ekofutura.com.pl\/index.php\/wp-json\/wp\/v2\/comments?post=89"}],"version-history":[{"count":2,"href":"https:\/\/ekofutura.com.pl\/index.php\/wp-json\/wp\/v2\/pages\/89\/revisions"}],"predecessor-version":[{"id":121,"href":"https:\/\/ekofutura.com.pl\/index.php\/wp-json\/wp\/v2\/pages\/89\/revisions\/121"}],"wp:attachment":[{"href":"https:\/\/ekofutura.com.pl\/index.php\/wp-json\/wp\/v2\/media?parent=89"}],"curies":[{"name":"wp","href":"https:\/\/api.w.org\/{rel}","templated":true}]}}